{"id":312,"date":"2020-03-26T17:29:00","date_gmt":"2020-03-26T17:29:00","guid":{"rendered":"http:\/\/www.albajosa.com\/?page_id=312"},"modified":"2022-09-19T08:27:31","modified_gmt":"2022-09-19T08:27:31","slug":"classes-de-teatre","status":"publish","type":"page","link":"https:\/\/www.albajosa.com\/index.php\/classes-de-teatre\/","title":{"rendered":"Classes de teatre"},"content":{"rendered":"<p>Quan vaig acabar d&#8217;estudiar, vaig tenir l&#8217;oportunitat de treballar amb nenes i nens fent classes de teatre. Vaig comen\u00e7ar en el m\u00f3n de les extraescolars a l&#8217;octubre de 2016, i fins a l&#8217;actualitat em dedico, tamb\u00e9, a educar a trav\u00e9s del teatre i les arts visuals. &nbsp;Imparteixo classes a infats des de P4 fins a 3r d&#8217;ESO. De totes maneres, abans d&#8217;aix\u00f2, ja havia treballat amb adolescents i adults en el grup de teatre<strong>&nbsp;<\/strong>Jove Calassan\u00e7 Teatre.<strong>&nbsp;<\/strong><\/p>\n<p>Classes de teatre al&nbsp;<strong>Centre d&#8217;Estudis Montseny<\/strong> (Barri del Poblenou). 2017 &#8211; Actualitat<\/p>\n<p>Classes de teatre a l&#8217;escola <strong>Princess Margaret School<\/strong>. (Barri d&#8217;Horta) 2019 &#8211; 2022<\/p>\n<p>Classes de teatre a l&#8217;empresa <strong>Expressa Teatre, de Pau Plana.&nbsp;<\/strong>2016 &#8211; actualitat<\/p>\n<ul>\n<li>Centres: &nbsp;Escola Univers, Escola Baldiri i Reixac, Escola Patronat Domenech i Tur\u00f3 del Cargol (Barri de Gr\u00e0cia). Escola Els llorers i Escola Diputaci\u00f3 (L&#8217;Eixample)&nbsp;<\/li>\n<\/ul>\n<p>Classes de teatre a l&#8217;empresa <strong>Amb Classe, d&#8217;Anna Prats i Xavi Alvarez<\/strong>. 2016 &#8211; 2021<\/p>\n<ul>\n<li>Centres: Escola Dovella (Barri del Clot) i Escola Sedeta (Barri de Gr\u00e0cia)<\/li>\n<\/ul>\n<p>Voluntariat de teatre i expressi\u00f3 al <strong>CAS de Sants<\/strong>. 2015-2018. Grup d&#8217;usuaris en proc\u00e9s de desintoxicaci\u00f3 de drogues i alcohol.&nbsp;<\/p>\n<p>Obres representades amb els joves del grup <strong>Jove Calassan\u00e7 Teatre.<\/strong><\/p>\n<ul>\n<li>La farsa del pr\u00edncep encadenat, Les aventures de Tirant Lo Blanc, La decisi\u00f3 de Vila-neta, Teatre de Cabaret.<\/li>\n<\/ul>\n","protected":false},"excerpt":{"rendered":"<p>Quan vaig acabar d&#8217;estudiar, vaig tenir l&#8217;oportunitat de treballar amb nenes i nens fent classes de teatre. Vaig comen\u00e7ar en el m\u00f3n de les extraescolars a l&#8217;octubre de 2016, i fins a l&#8217;actualitat em dedico, tamb\u00e9, a educar a trav\u00e9s del teatre i les arts visuals. &nbsp;Imparteixo classes a infats des de P4 fins a [&hellip;]<\/p>\n","protected":false},"author":1,"featured_media":0,"parent":0,"menu_order":0,"comment_status":"closed","ping_status":"closed","template":"","meta":[],"yoast_head":"<!-- This site is optimized with the Yoast SEO plugin v15.8 - https:\/\/yoast.com\/wordpress\/plugins\/seo\/ -->\n<title>Classes de teatre - Alba Josa Levratto<\/title>\n<meta name=\"robots\" content=\"index, follow, max-snippet:-1, max-image-preview:large, max-video-preview:-1\" \/>\n<link rel=\"canonical\" href=\"http:\/\/www.albajosa.com\/index.php\/classes-de-teatre\/\" \/>\n<meta property=\"og:locale\" content=\"en_US\" \/>\n<meta property=\"og:type\" content=\"article\" \/>\n<meta property=\"og:title\" content=\"Classes de teatre - Alba Josa Levratto\" \/>\n<meta property=\"og:description\" content=\"Quan vaig acabar d&#8217;estudiar, vaig tenir l&#8217;oportunitat de treballar amb nenes i nens fent classes de teatre. Vaig comen\u00e7ar en el m\u00f3n de les extraescolars a l&#8217;octubre de 2016, i fins a l&#8217;actualitat em dedico, tamb\u00e9, a educar a trav\u00e9s del teatre i les arts visuals. &nbsp;Imparteixo classes a infats des de P4 fins a [&hellip;]\" \/>\n<meta property=\"og:url\" content=\"http:\/\/www.albajosa.com\/index.php\/classes-de-teatre\/\" \/>\n<meta property=\"og:site_name\" content=\"Alba Josa Levratto\" \/>\n<meta property=\"article:modified_time\" content=\"2022-09-19T08:27:31+00:00\" \/>\n<meta name=\"twitter:card\" content=\"summary_large_image\" \/>\n<meta name=\"twitter:label1\" content=\"Est. reading time\">\n\t<meta name=\"twitter:data1\" content=\"1 minute\">\n<script type=\"application\/ld+json\" class=\"yoast-schema-graph\">{\"@context\":\"https:\/\/schema.org\",\"@graph\":[{\"@type\":\"WebSite\",\"@id\":\"https:\/\/www.albajosa.com\/#website\",\"url\":\"https:\/\/www.albajosa.com\/\",\"name\":\"Alba Josa Levratto\",\"description\":\"\",\"potentialAction\":[{\"@type\":\"SearchAction\",\"target\":\"https:\/\/www.albajosa.com\/?s={search_term_string}\",\"query-input\":\"required name=search_term_string\"}],\"inLanguage\":\"en-US\"},{\"@type\":\"WebPage\",\"@id\":\"http:\/\/www.albajosa.com\/index.php\/classes-de-teatre\/#webpage\",\"url\":\"http:\/\/www.albajosa.com\/index.php\/classes-de-teatre\/\",\"name\":\"Classes de teatre - Alba Josa Levratto\",\"isPartOf\":{\"@id\":\"https:\/\/www.albajosa.com\/#website\"},\"datePublished\":\"2020-03-26T17:29:00+00:00\",\"dateModified\":\"2022-09-19T08:27:31+00:00\",\"breadcrumb\":{\"@id\":\"http:\/\/www.albajosa.com\/index.php\/classes-de-teatre\/#breadcrumb\"},\"inLanguage\":\"en-US\",\"potentialAction\":[{\"@type\":\"ReadAction\",\"target\":[\"http:\/\/www.albajosa.com\/index.php\/classes-de-teatre\/\"]}]},{\"@type\":\"BreadcrumbList\",\"@id\":\"http:\/\/www.albajosa.com\/index.php\/classes-de-teatre\/#breadcrumb\",\"itemListElement\":[{\"@type\":\"ListItem\",\"position\":1,\"item\":{\"@type\":\"WebPage\",\"@id\":\"http:\/\/www.albajosa.com\/\",\"url\":\"http:\/\/www.albajosa.com\/\",\"name\":\"Portada\"}},{\"@type\":\"ListItem\",\"position\":2,\"item\":{\"@type\":\"WebPage\",\"@id\":\"http:\/\/www.albajosa.com\/index.php\/classes-de-teatre\/\",\"url\":\"http:\/\/www.albajosa.com\/index.php\/classes-de-teatre\/\",\"name\":\"Classes de teatre\"}}]}]}<\/script>\n<!-- \/ Yoast SEO plugin. -->","_links":{"self":[{"href":"https:\/\/www.albajosa.com\/index.php\/wp-json\/wp\/v2\/pages\/312"}],"collection":[{"href":"https:\/\/www.albajosa.com\/index.php\/wp-json\/wp\/v2\/pages"}],"about":[{"href":"https:\/\/www.albajosa.com\/index.php\/wp-json\/wp\/v2\/types\/page"}],"author":[{"embeddable":true,"href":"https:\/\/www.albajosa.com\/index.php\/wp-json\/wp\/v2\/users\/1"}],"replies":[{"embeddable":true,"href":"https:\/\/www.albajosa.com\/index.php\/wp-json\/wp\/v2\/comments?post=312"}],"version-history":[{"count":8,"href":"https:\/\/www.albajosa.com\/index.php\/wp-json\/wp\/v2\/pages\/312\/revisions"}],"predecessor-version":[{"id":481,"href":"https:\/\/www.albajosa.com\/index.php\/wp-json\/wp\/v2\/pages\/312\/revisions\/481"}],"wp:attachment":[{"href":"https:\/\/www.albajosa.com\/index.php\/wp-json\/wp\/v2\/media?parent=312"}],"curies":[{"name":"wp","href":"https:\/\/api.w.org\/{rel}","templated":true}]}}