{"id":231,"date":"2020-02-05T08:37:27","date_gmt":"2020-02-05T08:37:27","guid":{"rendered":"http:\/\/www.albajosa.com\/?page_id=231"},"modified":"2022-09-19T08:24:51","modified_gmt":"2022-09-19T08:24:51","slug":"formacio","status":"publish","type":"page","link":"https:\/\/www.albajosa.com\/index.php\/formacio\/","title":{"rendered":"Formaci\u00f3"},"content":{"rendered":"<p>Diplomada al <strong>Col\u00b7legi del Teatre de Barcelona<\/strong>. 2013 &#8211; 2016<\/p>\n<ul>\n<li>Professorat: Marc Angelet, Thomas Sauerteig, Cacu Prat, Pere Farran, Mari Pau Pigem, Ester Nadal, Xavi Ruano, Jordi Ar\u00fas, Jordi Godall.<\/li>\n<\/ul>\n<p>Diplomada per <strong>La Casona. Formaci\u00f3n e Investigaci\u00f3n Teatral<\/strong>. Formaci\u00f3n integral. 2010 -2012<\/p>\n<ul>\n<li>Professorat: Fernando Grifell, Sol Arrabal, Claret Papiol, Jordi Beltran.<\/li>\n<\/ul>\n<p>Classes de<strong> Cant<\/strong> amb Sara L\u00f3pez. Escola Veu Barcelona de Gerard Ib\u00e1\u00f1ez. 2020 &#8211; Actualitat.<\/p>\n<p>Classes de <strong>Danche Hall<\/strong> amb Gero Gonz\u00e0lez 2019- Actualitat<\/p>\n<p><strong>A6 Estudi.&nbsp;<\/strong>2018- actualitat. Dansa Jazz. Amb Adriana Garriga<\/p>\n<p>Classes de <strong>cant<\/strong> amb Victoria Priante. 2012 &#8211; 2014<\/p>\n<p><strong>El Timbal<\/strong>. Interpretaci\u00f3, improvisaci\u00f3, mim, clown. 2008-2010. Amb M\u00f2nica Cordom\u00ed.<\/p>\n<p><strong>Escola Memory. <\/strong>Interpretaci\u00f3, claqu\u00e9, jazz, cant<strong>.&nbsp;<\/strong>2005 &#8211; 2009<\/p>\n<p><strong>Escola Stage.<\/strong> Dansa Cl\u00e0ssica i Funky. 1996 &#8211; 2008<\/p>\n<p>Batxillerat human\u00edstic a l&#8217;Escola Virolai de Barcelona. 2008 &#8211; 2010<\/p>\n<p>Altres dades d&#8217;inter\u00e8s<\/p>\n<ul>\n<li>Carnet de conduir tipus B. 2011<\/li>\n<li>Alts coneixements d&#8217;esqu\u00ed.<\/li>\n<li>Facilitat per memoritzar text.<\/li>\n<li>Catal\u00e0 i castell\u00e0 natiu.<\/li>\n<li>Edici\u00f3 de v\u00eddeos.<\/li>\n<li>Altes capacitats organitzatives.<\/li>\n<li>Creadora de la web <span style=\"color: rgb(57, 57, 57);\"><a href=\"https:\/\/villabellaestanca.com\/\" target=\"_blank\" style=\"outline: none;\" rel=\"noopener\"><span style=\"--tcb-applied-color: rgb(57, 57, 57) !important;\">www.villabellaestanca.com<\/span><\/a><span style=\"--tcb-applied-color: rgb(57, 57, 57) !important;\">&nbsp;<\/span><\/span><\/li>\n<\/ul>\n","protected":false},"excerpt":{"rendered":"<p>Diplomada al Col\u00b7legi del Teatre de Barcelona. 2013 &#8211; 2016 Professorat: Marc Angelet, Thomas Sauerteig, Cacu Prat, Pere Farran, Mari Pau Pigem, Ester Nadal, Xavi Ruano, Jordi Ar\u00fas, Jordi Godall. Diplomada per La Casona. Formaci\u00f3n e Investigaci\u00f3n Teatral. Formaci\u00f3n integral. 2010 -2012 Professorat: Fernando Grifell, Sol Arrabal, Claret Papiol, Jordi Beltran. Classes de Cant amb [&hellip;]<\/p>\n","protected":false},"author":1,"featured_media":0,"parent":0,"menu_order":0,"comment_status":"closed","ping_status":"closed","template":"","meta":[],"yoast_head":"<!-- This site is optimized with the Yoast SEO plugin v15.8 - https:\/\/yoast.com\/wordpress\/plugins\/seo\/ -->\n<title>Formaci\u00f3 - Alba Josa Levratto<\/title>\n<meta name=\"robots\" content=\"index, follow, max-snippet:-1, max-image-preview:large, max-video-preview:-1\" \/>\n<link rel=\"canonical\" href=\"http:\/\/www.albajosa.com\/index.php\/formacio\/\" \/>\n<meta property=\"og:locale\" content=\"en_US\" \/>\n<meta property=\"og:type\" content=\"article\" \/>\n<meta property=\"og:title\" content=\"Formaci\u00f3 - Alba Josa Levratto\" \/>\n<meta property=\"og:description\" content=\"Diplomada al Col\u00b7legi del Teatre de Barcelona. 2013 &#8211; 2016 Professorat: Marc Angelet, Thomas Sauerteig, Cacu Prat, Pere Farran, Mari Pau Pigem, Ester Nadal, Xavi Ruano, Jordi Ar\u00fas, Jordi Godall. Diplomada per La Casona. Formaci\u00f3n e Investigaci\u00f3n Teatral. Formaci\u00f3n integral. 2010 -2012 Professorat: Fernando Grifell, Sol Arrabal, Claret Papiol, Jordi Beltran. Classes de Cant amb [&hellip;]\" \/>\n<meta property=\"og:url\" content=\"http:\/\/www.albajosa.com\/index.php\/formacio\/\" \/>\n<meta property=\"og:site_name\" content=\"Alba Josa Levratto\" \/>\n<meta property=\"article:modified_time\" content=\"2022-09-19T08:24:51+00:00\" \/>\n<meta name=\"twitter:card\" content=\"summary_large_image\" \/>\n<meta name=\"twitter:label1\" content=\"Est. reading time\">\n\t<meta name=\"twitter:data1\" content=\"1 minute\">\n<script type=\"application\/ld+json\" class=\"yoast-schema-graph\">{\"@context\":\"https:\/\/schema.org\",\"@graph\":[{\"@type\":\"WebSite\",\"@id\":\"https:\/\/www.albajosa.com\/#website\",\"url\":\"https:\/\/www.albajosa.com\/\",\"name\":\"Alba Josa Levratto\",\"description\":\"\",\"potentialAction\":[{\"@type\":\"SearchAction\",\"target\":\"https:\/\/www.albajosa.com\/?s={search_term_string}\",\"query-input\":\"required name=search_term_string\"}],\"inLanguage\":\"en-US\"},{\"@type\":\"WebPage\",\"@id\":\"http:\/\/www.albajosa.com\/index.php\/formacio\/#webpage\",\"url\":\"http:\/\/www.albajosa.com\/index.php\/formacio\/\",\"name\":\"Formaci\\u00f3 - Alba Josa Levratto\",\"isPartOf\":{\"@id\":\"https:\/\/www.albajosa.com\/#website\"},\"datePublished\":\"2020-02-05T08:37:27+00:00\",\"dateModified\":\"2022-09-19T08:24:51+00:00\",\"breadcrumb\":{\"@id\":\"http:\/\/www.albajosa.com\/index.php\/formacio\/#breadcrumb\"},\"inLanguage\":\"en-US\",\"potentialAction\":[{\"@type\":\"ReadAction\",\"target\":[\"http:\/\/www.albajosa.com\/index.php\/formacio\/\"]}]},{\"@type\":\"BreadcrumbList\",\"@id\":\"http:\/\/www.albajosa.com\/index.php\/formacio\/#breadcrumb\",\"itemListElement\":[{\"@type\":\"ListItem\",\"position\":1,\"item\":{\"@type\":\"WebPage\",\"@id\":\"http:\/\/www.albajosa.com\/\",\"url\":\"http:\/\/www.albajosa.com\/\",\"name\":\"Portada\"}},{\"@type\":\"ListItem\",\"position\":2,\"item\":{\"@type\":\"WebPage\",\"@id\":\"http:\/\/www.albajosa.com\/index.php\/formacio\/\",\"url\":\"http:\/\/www.albajosa.com\/index.php\/formacio\/\",\"name\":\"Formaci\\u00f3\"}}]}]}<\/script>\n<!-- \/ Yoast SEO plugin. -->","_links":{"self":[{"href":"https:\/\/www.albajosa.com\/index.php\/wp-json\/wp\/v2\/pages\/231"}],"collection":[{"href":"https:\/\/www.albajosa.com\/index.php\/wp-json\/wp\/v2\/pages"}],"about":[{"href":"https:\/\/www.albajosa.com\/index.php\/wp-json\/wp\/v2\/types\/page"}],"author":[{"embeddable":true,"href":"https:\/\/www.albajosa.com\/index.php\/wp-json\/wp\/v2\/users\/1"}],"replies":[{"embeddable":true,"href":"https:\/\/www.albajosa.com\/index.php\/wp-json\/wp\/v2\/comments?post=231"}],"version-history":[{"count":9,"href":"https:\/\/www.albajosa.com\/index.php\/wp-json\/wp\/v2\/pages\/231\/revisions"}],"predecessor-version":[{"id":480,"href":"https:\/\/www.albajosa.com\/index.php\/wp-json\/wp\/v2\/pages\/231\/revisions\/480"}],"wp:attachment":[{"href":"https:\/\/www.albajosa.com\/index.php\/wp-json\/wp\/v2\/media?parent=231"}],"curies":[{"name":"wp","href":"https:\/\/api.w.org\/{rel}","templated":true}]}}