{"id":130,"date":"2020-02-03T18:59:22","date_gmt":"2020-02-03T18:59:22","guid":{"rendered":"http:\/\/www.albajosa.com\/?page_id=130"},"modified":"2021-02-10T12:51:17","modified_gmt":"2021-02-10T12:51:17","slug":"curriculum","status":"publish","type":"page","link":"https:\/\/www.albajosa.com\/index.php\/curriculum\/","title":{"rendered":"Curr\u00edculum"},"content":{"rendered":"<h2><strong>Sobre mi<\/strong><\/h2>\n<p><span style=\"width: 100%;\"><img loading=\"lazy\" alt=\"\" width=\"248\" height=\"331\" title=\"Foto-de-Alba-Josa-1\" data-id=\"136\" src=\"\/\/www.albajosa.com\/wp-content\/uploads\/2020\/02\/Foto-de-Alba-Josa-1.jpg\" style=\"\" data-width=\"248\" data-height=\"331\" data-init-width=\"768\" data-init-height=\"1024\"><\/span><\/p>\n<p style=\"text-align: justify;\"><strong><\/strong>Que s\u00f3c actriu, suposo que ja ho saps, i m\u00e9s a baix t&#8217;explico perqu\u00e8 ho vaig decidir i com vaig introduir-me en aquest m\u00f3n, per\u00f2 vull comen\u00e7ar amb el que en principi, no saps de mi.&nbsp;<\/p>\n<p style=\"text-align: justify;\">\n<p style=\"text-align: justify;\">M&#8217;encanta llegir, i aix\u00f2 \u00e9s gr\u00e0cies a&nbsp;<strong>J.K.Rowling<\/strong>&nbsp;i els seus&nbsp;<em>Harry Potter<\/em>&nbsp;i a&nbsp;<strong>Carlos Ruiz Zaf\u00f3n<\/strong>&nbsp;i la tretralogia de&nbsp;<em>Cementerio de los libros olvidados<\/em>. Llegeixo molt i les meves novel\u00b7les preferides s\u00f3n de crims i assassinats, en canvi, quan toca triar quina s\u00e8rie veure, no s\u00f3n aquests temes la meva prioritat.&nbsp;<\/p>\n<p style=\"text-align: justify;\">\n<p style=\"text-align: justify;\">Des de fa uns anys tinc un hobbie molt freq\u00fcent a la meva vida: els <strong>Escape Rooms.&nbsp;<\/strong>Jugar en equip a resoldre enigmes, desxifrar codis i solucionar misteris em fa sentir molt b\u00e9.&nbsp;<strong>M&#8217;ha ensenyat encara m\u00e9s a treballar en equip<\/strong>, a arribar fins on la resta no pot, i a confiar en que si soc jo la que no puc, un altre podr\u00e0 perqu\u00e8 tots seguim endavant. Cada joc \u00e9s diferent i aix\u00f2 m&#8217;<strong>ajuda a improvisar sobre el que em vaig trobant, m&#8217;ensenya a pensar de maneres diferents<\/strong> i a exprimir el cervell per a trobar la soluci\u00f3 al problema, cosa que sovint porto a la pr\u00e0ctica pel meu dia a dia i sobretot a la meva feina d&#8217;actriu, creadora i mestra de teatre.&nbsp;<\/p>\n<p style=\"text-align: justify;\">\n<p style=\"text-align: justify;\"><strong>Gaudeixo molt\u00edssim esquiant<\/strong>. De fet, un dels meus somnis \u00e9s esquiar als Andes a l&#8217;agost. Confio que algun any ho podr\u00e9 complir. Les meves arrels em porten cap a Sudam\u00e8rica for\u00e7a sovint. El meu avi patern era brasiler, i els meus avis materns uruguaians, igual que la meva mare.<strong>&nbsp;Tinc fam\u00edlia tant a l&#8217;Uruguai com a l&#8217;Argentina<\/strong>, i quan vaig all\u00e0, sento que tamb\u00e9 \u00e9s casa meva, \u00e9s or\u00edgens.&nbsp;<\/p>\n<p style=\"text-align: justify;\">\n<p style=\"text-align: justify;\">Una gran part del meu temps lliure va dedicada al<strong>&nbsp;futbol<\/strong>. No, no el jugo, per\u00f2 m&#8217;encanta veure els partits.&nbsp;<strong>El Bar\u00e7a i Messi<\/strong>&nbsp;s\u00f3n la meva prioritat, per\u00f2 gaudeixo amb qualsevol matx. Anar al Nou Sardenya, el camp del&nbsp;<strong>Club Esportiu Europa<\/strong>&nbsp;per veure jugar el meu germ\u00e0 a 3a divisi\u00f3 els diumenges a les 12h tamb\u00e9 \u00e9s genial. El futbol,<strong>&nbsp;<\/strong>com el teatre i els Escape Rooms<strong>, ensenya la import\u00e0ncia de treballar en equip<\/strong>, i sovint faig servir aquest s\u00edmil a les meves classes de teatre: qui marca un gol sembla el m\u00e9s important del partit, per\u00f2 el porter que n&#8217;atura tres tamb\u00e9 ho \u00e9s.&nbsp;<strong>Igual que amb els personatges d&#8217;una obra de teatre,&nbsp;<\/strong>i en aquest cas, no sembla tant evident.<\/p>\n<p style=\"text-align: justify;\">\n<p style=\"text-align: justify;\">S\u00f3c una enamorada del teatre. S\u00e9 que sona t\u00f2pic, per\u00f2 \u00e9s just aix\u00ed. Els millors records de la meva vida s\u00f3n dalt d&#8217;escenaris. Amb quatre anys els meus pares van apuntar-me a l&#8217;<strong>escola de ballet<\/strong>&nbsp;del barri i des de la primera classe vaig ser feli\u00e7. La millor setmana de l&#8217;estiu era la que pass\u00e0vem a l&#8217;Alian\u00e7a del Poblenou assajant el festival per a ballar davant del p\u00fablic el diumenge. Aquests van ser els primers contactes amb l&#8217;espectacle. Despr\u00e9s va ser a l&#8217;<strong>Escola Virolai<\/strong>&nbsp;quan vaig comen\u00e7ar amb el teatre. F\u00e9iem dos migdies de la setmana una hora de classe amb l&#8217;<strong>Isaac Alcaide i la Gemma Deusedas<\/strong>, i ells em van comen\u00e7ar a encisar amb l&#8217;art de fer teatre.&nbsp;<\/p>\n<p style=\"text-align: justify;\">\n<p style=\"text-align: justify;\">Amb deu anys en volia m\u00e9s, i tamb\u00e9 vaig apuntar-me al grup amateur del barri, el&nbsp;<strong>Jove Calassan\u00e7 Teatre<\/strong>. Actuar all\u00e0 i amb aquells companys&nbsp;<em>(que ara s\u00f3n els meus millors amics)<\/em>&nbsp;em va fer decidir que jo volia ser actriu. Volia que aquella felicitat dels vespres fos la meva rutina. Des de sempre he sabut que era aix\u00f2 el que volia estudiar, aix\u00ed que amb 14 anys vaig comen\u00e7ar a l&#8217;<strong>Escola Memory<\/strong>&nbsp;a fer teatre musical. Volia seguir aprenent a trav\u00e9s del teatre sense deixar de ballar, que em seguia aportant molta felicitat. I all\u00e0 anava els divendres, sense berenar, a fer tres hores de teatre, jazz, claqu\u00e9 i cant. I qu\u00e8 divertit era acabar les setmanes aix\u00ed!<\/p>\n<p style=\"text-align: justify;\">\n<p style=\"text-align: justify;\">Va arribar l&#8217;hora del <strong>Batxillerat&nbsp;<\/strong>i vaig triar l&#8217;<strong>human\u00edstic<\/strong>. Quina errada m\u00e9s gran! D&#8217;aquells dos anys en que vaig fer primer i segon de batxillerat, el que em va salvar per seguir creient que la vida era divertida va ser el teatre. En aquell moment cursava el Teatre Global de l&#8217;<strong>Escola Timbal<\/strong>&nbsp;amb&nbsp;<strong>M\u00f2nica Cordom\u00ed<\/strong> tres tardes a la setmana, tres hores, i era la meva prioritat. I quin encert prioritzar aix\u00ed!&nbsp;<\/p>\n<p style=\"text-align: justify;\">\n<p style=\"text-align: justify;\">Despr\u00e9s va tocar estudiar una carrera i tot i els comentaris de &#8220;<em>I si estudies alguna cosa seriosa?<\/em>&#8221; &#8220;<em>Vale, far\u00e0s teatre per\u00f2 i qu\u00e8 m\u00e9s?<\/em>&#8221; &#8220;<em>Per\u00f2 per qu\u00e8 no fas una carrera i despr\u00e9s ja fas teatre?<\/em>&#8221; vaig decidir estudiar teatre. Per mi la decisi\u00f3 va ser molt f\u00e0cil i \u00f2bvia. Era el que m&#8217;apassionava i ja aleshores tenia molt clar que en aquesta vida ens hem de moure per passi\u00f3 i amor. I el lloc ideal per explotar i explorar tot aix\u00f2 va ser&nbsp;<strong>La Casona<\/strong>. Vaig estudiar dos anys i despr\u00e9s vaig decidir que en volia m\u00e9s, i cap al&nbsp;<strong>Col\u00b7legi del Teatre<\/strong>&nbsp;que vaig anar i vaig estudiar els tres anys, on vaig ser absolutament feli\u00e7.&nbsp;<\/p>\n<p style=\"text-align: justify;\">\n<p style=\"text-align: justify;\">S\u00f3c actriu i tinc la sort que <strong>m&#8217;encanta assajar, repetir, provar i explorar<\/strong>. El temps s&#8217;atura assajant i passa volant quan \u00e9s l&#8217;hora de la funci\u00f3, aix\u00ed que gaudir dels assajos \u00e9s el m\u00e9s important, per mi, &nbsp;en aquesta professi\u00f3. <strong>S\u00f3c molt organitzada<\/strong>, perqu\u00e8 com que en el meu dia a dia faig tantes coses a llocs diferents, \u00e9s imprescindible ser-ho per arribar a tot, igual que <strong>puntual<\/strong>. Tot i que tinc molt\u00edssima mem\u00f2ria i <strong>memoritzo els textos amb molta facilitat<\/strong>, sempre porto la meva agenda amb mi.&nbsp;<\/p>\n<p style=\"text-align: justify;\">\n<p style=\"text-align: justify;\">El <strong>Jove Calassan\u00e7 Teatre<\/strong> m&#8217;ha ensenyat a valorar l&#8217;engranatge teatral: la tasca del grup de vestuari, de l&#8217;equip t\u00e8cnic, del maquillatge i l&#8217;escenografia. All\u00e0 he pogut tocar totes les tecles, fins i tot <strong>direcci\u00f3 i direcci\u00f3 de coreografies<\/strong>, i realment ha estat un plaer.&nbsp;<\/p>\n<p style=\"text-align: justify;\">\n<p style=\"text-align: justify;\"><strong>Treballo<\/strong>&nbsp;amb nens i nenes&nbsp;<strong>donant classes de teatre des de 2012<\/strong>, i s\u00f3c molt feli\u00e7 veient com elles i ells s\u00f3n feli\u00e7os a trav\u00e9s del teatre. Quan jo tenia la seva edat, els meus professors van aconseguir apassionar-me per a alguna cosa, aix\u00ed que crec que jo tinc el deure de fer el mateix. Veure&#8217;ls cr\u00e8ixer com a artistes \u00e9s molt enriquidor, i que et diguin que el millor dia de la setmana \u00e9s el que toca teatre \u00e9s un aut\u00e8ntic regal.<\/p>\n<p style=\"text-align: justify;\">\n<p style=\"text-align: justify;\">El meu moment preferit de la vida? &nbsp;El &#8220;<em><strong>MOLTA MERDA<\/strong><\/em>&#8221; d&#8217;abans de comen\u00e7ar una funci\u00f3.<\/p>\n<p>\u200b<\/p>\n","protected":false},"excerpt":{"rendered":"<p>Sobre mi Que s\u00f3c actriu, suposo que ja ho saps, i m\u00e9s a baix t&#8217;explico perqu\u00e8 ho vaig decidir i com vaig introduir-me en aquest m\u00f3n, per\u00f2 vull comen\u00e7ar amb el que en principi, no saps de mi.&nbsp; M&#8217;encanta llegir, i aix\u00f2 \u00e9s gr\u00e0cies a&nbsp;J.K.Rowling&nbsp;i els seus&nbsp;Harry Potter&nbsp;i a&nbsp;Carlos Ruiz Zaf\u00f3n&nbsp;i la tretralogia de&nbsp;Cementerio de [&hellip;]<\/p>\n","protected":false},"author":1,"featured_media":0,"parent":0,"menu_order":0,"comment_status":"closed","ping_status":"closed","template":"","meta":[],"yoast_head":"<!-- This site is optimized with the Yoast SEO plugin v15.8 - https:\/\/yoast.com\/wordpress\/plugins\/seo\/ -->\n<title>Curr\u00edculum - Alba Josa Levratto<\/title>\n<meta name=\"robots\" content=\"index, follow, max-snippet:-1, max-image-preview:large, max-video-preview:-1\" \/>\n<link rel=\"canonical\" href=\"http:\/\/www.albajosa.com\/index.php\/curriculum\/\" \/>\n<meta property=\"og:locale\" content=\"en_US\" \/>\n<meta property=\"og:type\" content=\"article\" \/>\n<meta property=\"og:title\" content=\"Curr\u00edculum - Alba Josa Levratto\" \/>\n<meta property=\"og:description\" content=\"Sobre mi Que s\u00f3c actriu, suposo que ja ho saps, i m\u00e9s a baix t&#8217;explico perqu\u00e8 ho vaig decidir i com vaig introduir-me en aquest m\u00f3n, per\u00f2 vull comen\u00e7ar amb el que en principi, no saps de mi.&nbsp; M&#8217;encanta llegir, i aix\u00f2 \u00e9s gr\u00e0cies a&nbsp;J.K.Rowling&nbsp;i els seus&nbsp;Harry Potter&nbsp;i a&nbsp;Carlos Ruiz Zaf\u00f3n&nbsp;i la tretralogia de&nbsp;Cementerio de [&hellip;]\" \/>\n<meta property=\"og:url\" content=\"http:\/\/www.albajosa.com\/index.php\/curriculum\/\" \/>\n<meta property=\"og:site_name\" content=\"Alba Josa Levratto\" \/>\n<meta property=\"article:modified_time\" content=\"2021-02-10T12:51:17+00:00\" \/>\n<meta property=\"og:image\" content=\"\/\/www.albajosa.com\/wp-content\/uploads\/2020\/02\/Foto-de-Alba-Josa-1.jpg\" \/>\n<meta name=\"twitter:card\" content=\"summary_large_image\" \/>\n<meta name=\"twitter:label1\" content=\"Est. reading time\">\n\t<meta name=\"twitter:data1\" content=\"6 minutes\">\n<script type=\"application\/ld+json\" class=\"yoast-schema-graph\">{\"@context\":\"https:\/\/schema.org\",\"@graph\":[{\"@type\":\"WebSite\",\"@id\":\"https:\/\/www.albajosa.com\/#website\",\"url\":\"https:\/\/www.albajosa.com\/\",\"name\":\"Alba Josa Levratto\",\"description\":\"\",\"potentialAction\":[{\"@type\":\"SearchAction\",\"target\":\"https:\/\/www.albajosa.com\/?s={search_term_string}\",\"query-input\":\"required name=search_term_string\"}],\"inLanguage\":\"en-US\"},{\"@type\":\"ImageObject\",\"@id\":\"http:\/\/www.albajosa.com\/index.php\/curriculum\/#primaryimage\",\"inLanguage\":\"en-US\",\"url\":\"\/\/www.albajosa.com\/wp-content\/uploads\/2020\/02\/Foto-de-Alba-Josa-1.jpg\"},{\"@type\":\"WebPage\",\"@id\":\"http:\/\/www.albajosa.com\/index.php\/curriculum\/#webpage\",\"url\":\"http:\/\/www.albajosa.com\/index.php\/curriculum\/\",\"name\":\"Curr\\u00edculum - Alba Josa Levratto\",\"isPartOf\":{\"@id\":\"https:\/\/www.albajosa.com\/#website\"},\"primaryImageOfPage\":{\"@id\":\"http:\/\/www.albajosa.com\/index.php\/curriculum\/#primaryimage\"},\"datePublished\":\"2020-02-03T18:59:22+00:00\",\"dateModified\":\"2021-02-10T12:51:17+00:00\",\"breadcrumb\":{\"@id\":\"http:\/\/www.albajosa.com\/index.php\/curriculum\/#breadcrumb\"},\"inLanguage\":\"en-US\",\"potentialAction\":[{\"@type\":\"ReadAction\",\"target\":[\"http:\/\/www.albajosa.com\/index.php\/curriculum\/\"]}]},{\"@type\":\"BreadcrumbList\",\"@id\":\"http:\/\/www.albajosa.com\/index.php\/curriculum\/#breadcrumb\",\"itemListElement\":[{\"@type\":\"ListItem\",\"position\":1,\"item\":{\"@type\":\"WebPage\",\"@id\":\"http:\/\/www.albajosa.com\/\",\"url\":\"http:\/\/www.albajosa.com\/\",\"name\":\"Portada\"}},{\"@type\":\"ListItem\",\"position\":2,\"item\":{\"@type\":\"WebPage\",\"@id\":\"http:\/\/www.albajosa.com\/index.php\/curriculum\/\",\"url\":\"http:\/\/www.albajosa.com\/index.php\/curriculum\/\",\"name\":\"Curr\\u00edculum\"}}]}]}<\/script>\n<!-- \/ Yoast SEO plugin. -->","_links":{"self":[{"href":"https:\/\/www.albajosa.com\/index.php\/wp-json\/wp\/v2\/pages\/130"}],"collection":[{"href":"https:\/\/www.albajosa.com\/index.php\/wp-json\/wp\/v2\/pages"}],"about":[{"href":"https:\/\/www.albajosa.com\/index.php\/wp-json\/wp\/v2\/types\/page"}],"author":[{"embeddable":true,"href":"https:\/\/www.albajosa.com\/index.php\/wp-json\/wp\/v2\/users\/1"}],"replies":[{"embeddable":true,"href":"https:\/\/www.albajosa.com\/index.php\/wp-json\/wp\/v2\/comments?post=130"}],"version-history":[{"count":25,"href":"https:\/\/www.albajosa.com\/index.php\/wp-json\/wp\/v2\/pages\/130\/revisions"}],"predecessor-version":[{"id":416,"href":"https:\/\/www.albajosa.com\/index.php\/wp-json\/wp\/v2\/pages\/130\/revisions\/416"}],"wp:attachment":[{"href":"https:\/\/www.albajosa.com\/index.php\/wp-json\/wp\/v2\/media?parent=130"}],"curies":[{"name":"wp","href":"https:\/\/api.w.org\/{rel}","templated":true}]}}